{"id":97,"date":"2017-01-13T17:40:09","date_gmt":"2017-01-13T17:40:09","guid":{"rendered":"http:\/\/uwg-neuwulmstorf.de\/?page_id=97"},"modified":"2017-01-13T17:40:09","modified_gmt":"2017-01-13T17:40:09","slug":"unsere-ziele","status":"publish","type":"page","link":"https:\/\/uwg-neu-wulmstorf.de\/?page_id=97","title":{"rendered":"Unsere Ziele"},"content":{"rendered":"<h2><strong>Wahlziele f\u00fcr die Ratsperiode 2016 &#8211; 2021<\/strong><\/h2>\n<ul>\n<li>Bedarfsgerechte Schaffung vonWohnraum f\u00fcr alle Alters- und Einkommsstufen, insbesondere f\u00fcr junge Familien. AIIeinstehende und Senioren, dabei Anpassung der Bauleitplanung an den demografischen Wandel (barrierefreies Bauen) inner\u00f6rtliche Verdichtung nur im Einklang mit bereits<br \/>\nvorhandenem Gewerbe Wahlprogramm.<\/li>\n<li>Erweiterung des Angebotes von Krippen-, KiTa- und Hortpl\u00e4tzen mit variablen \u00d6ffnungszeiten zur Verbesserung der Betreuungssituation f\u00fcr die Vereinbarkeit von Job und Familie.<\/li>\n<li>Zukunftsorientierte Weiterentwicklung des Schulangebotes und Einrichtung von Ganztagsschule.<\/li>\n<li>Weitere Verf\u00fcgbarkeit von attraktiven Angeboten f\u00fcr die Jugend (z. B. Skateranlage).<\/li>\n<li>Verbesserung und SichersteIlung der Mobilit\u00e4t, auch im Alter, z. B. durch Verbesserung des \u00f6ffentlichen Personennahverkehrs und Ausbau des Radwegenetzes zwischen den Ortsteilen.<\/li>\n<li>Realisierung der B3 neu ohne weitere Verz\u00f6gerungen, incl. der Ortsumgehung Elstorf, Intensivierung der Anstrengungen f\u00fcr eine Ortsumgehung R\u00fcbke, Einf\u00fchrung der Mautpflicht auf der B3\/B3neu zwischen Mienenb\u00fcttel und R\u00fcbke.<\/li>\n<li>Ausweisung von Gewerbegebieten au\u00dferhalb von Wohngebieten und F\u00f6rderung der Neuansiedlung von sozial- und umweltvertr\u00e4glichem Gewerbe f\u00fcr wohnortnahe Arbeitspl\u00e4tze.<\/li>\n<li>Enge Zusammenarbeit mit den \u00f6rtlichen Vereinen und Verb\u00e4nden z. B. zur F\u00f6rderung des Breitensports, Erhalt und Erweiterung der vorhandenen Sportst\u00e4tten, z. B. durch Abschluss von Kooperationsvereinbarungen.<\/li>\n<li>Ert\u00fcchtigung der Feuerwehren, u. a. im Zusammenhang mit den wachsenden Aufgaben durch die A 26.<\/li>\n<li>Unterst\u00fctzung einer soliden Finanzpolitik als Grundlage f\u00fcr nachhaltige Investitionen, Verbesserung der Einnahmen z. B. durch Ansiedlung von mehr Gewerbe, ggf. Ankauf von freien Fl\u00e4chen f\u00fcr Gewerbeansiedlung, Aufwertung der Stelle &#8222;Wirtschaftsf\u00f6rderung&#8220;.<\/li>\n<li>Ansprechpartner sein f\u00fcr alle B\u00fcrger und B\u00fcrgerinnen aus allen Gemeindeteilen bei allen Fragen und Problemen<\/li>\n<\/ul>\n<p><strong>Warum haben wir Wahlziele formuliert, und kein Wahlprogramm?<\/strong><br \/>\nWeil wir Ihnen aufzeigen wollen, welche Ziele wir uns f\u00fcr die n\u00e4chsten 5 Jahre gesetzt haben und kein &#8222;starres&#8220; Programm, nach dem wir arbeiten m\u00fcssen. Denn wie im t\u00e4glichen Leben k\u00f6nnen sich die Voraussetzungen pl\u00f6tzlich \u00e4ndern. Trotzdem sind unsere Ziele eine sehr ernst gemeinte Absichtserkl\u00e4rung, die wir als Leitlinie f\u00fcr die n\u00e4chsten 5 Jahre verstehen.<\/p>\n<p><strong>Versprich lieber zu wenig als zu viel.<\/strong><br \/>\n<strong>Und halte lieber mehr als Du versprochen hast.<\/strong><br \/>\n(Albert Schweizer)<\/p>\n","protected":false},"excerpt":{"rendered":"<p>Wahlziele f\u00fcr die Ratsperiode 2016 &#8211; 2021 Bedarfsgerechte Schaffung vonWohnraum f\u00fcr alle Alters- und Einkommsstufen, insbesondere f\u00fcr junge Familien. AIIeinstehende und Senioren, dabei Anpassung der Bauleitplanung an den demografischen Wandel (barrierefreies Bauen) inner\u00f6rtliche Verdichtung nur im Einklang mit bereits vorhandenem Gewerbe Wahlprogramm. Erweiterung des Angebotes von Krippen-, KiTa- und Hortpl\u00e4tzen mit variablen \u00d6ffnungszeiten zur Verbesserung [&hellip;]<\/p>\n","protected":false},"author":2,"featured_media":0,"parent":29,"menu_order":0,"comment_status":"closed","ping_status":"closed","template":"templates\/template-onecolumn.php","meta":{"footnotes":""},"class_list":["post-97","page","type-page","status-publish","hentry"],"_links":{"self":[{"href":"https:\/\/uwg-neu-wulmstorf.de\/index.php?rest_route=\/wp\/v2\/pages\/97","targetHints":{"allow":["GET"]}}],"collection":[{"href":"https:\/\/uwg-neu-wulmstorf.de\/index.php?rest_route=\/wp\/v2\/pages"}],"about":[{"href":"https:\/\/uwg-neu-wulmstorf.de\/index.php?rest_route=\/wp\/v2\/types\/page"}],"author":[{"embeddable":true,"href":"https:\/\/uwg-neu-wulmstorf.de\/index.php?rest_route=\/wp\/v2\/users\/2"}],"replies":[{"embeddable":true,"href":"https:\/\/uwg-neu-wulmstorf.de\/index.php?rest_route=%2Fwp%2Fv2%2Fcomments&post=97"}],"version-history":[{"count":0,"href":"https:\/\/uwg-neu-wulmstorf.de\/index.php?rest_route=\/wp\/v2\/pages\/97\/revisions"}],"up":[{"embeddable":true,"href":"https:\/\/uwg-neu-wulmstorf.de\/index.php?rest_route=\/wp\/v2\/pages\/29"}],"wp:attachment":[{"href":"https:\/\/uwg-neu-wulmstorf.de\/index.php?rest_route=%2Fwp%2Fv2%2Fmedia&parent=97"}],"curies":[{"name":"wp","href":"https:\/\/api.w.org\/{rel}","templated":true}]}}