{"id":25,"date":"2017-01-12T18:09:34","date_gmt":"2017-01-12T18:09:34","guid":{"rendered":"http:\/\/uwg-neuwulmstorf.de\/?page_id=25"},"modified":"2025-04-02T06:43:05","modified_gmt":"2025-04-02T05:43:05","slug":"impressumdisclaim","status":"publish","type":"page","link":"https:\/\/uwg-neu-wulmstorf.de\/?page_id=25","title":{"rendered":"Impressum\/Datenschutz"},"content":{"rendered":"<h2><strong>Impressum<\/strong><\/h2>\n<p>Angaben gem. \u00a7 5 TMG:<span class=\"Apple-converted-space\">\u00a0<\/span><\/p>\n<p><strong>UWG Neu Wulmstorf e.V.<br \/>\n<\/strong>Lindenstra\u00dfe 14-16 , 21629 Neu Wulmstorf<\/p>\n<p>Tel.: 040 7005579<br \/>\nEmail: \u00a0martin.stave @ uwg-neu-wulmstorf.de<\/p>\n<p>Internet: <a href=\"http:\/\/www.uwg-neu-wulmstorf.de\">www.uwg-neu-wulmstorf.de<\/a><\/p>\n<p>Vertretungsberechtigter Vorstand:<br \/>\nMartin Stave (1. Vorsitzender), Frank Kockmann (2. Vorsitzender), Celine Br\u00fcnig (Kassenwartin)<\/p>\n<p>Der UWG Neu Wulmstorf e.V. wird gerichtlich und au\u00dfergerichtlich durch die obigen Personen vertreten.<\/p>\n<p><strong>Registergericht:<\/strong> Amtsgericht Tostedt<br \/>\n<strong>Register-Nr.:<\/strong> VR 1512<\/p>\n<p><strong><em>Redaktionelle Verantwortung<\/em>:<\/strong><br \/>\nMartin Stave,<br \/>\nE-Mail: martin.stave @ \u00a0uwg-neu-wulmstorf.de<\/p>\n<p><strong>Bankverbindung:<br \/>\n<\/strong>IBAN : DE\u00a0 06 2075 0000 0028 0040 75<br \/>\nBIC : NDLADE21HAM<br \/>\nSparkasse Buxtehude<\/p>\n<p>&nbsp;<\/p>\n<p>&nbsp;<\/p>\n<hr \/>\n<p>&nbsp;<\/p>\n<h3><strong>UWG-Disclaimer<\/strong><\/h3>\n<p><strong>Haftungsausschluss: <\/strong><br \/>\n<strong>Datenschutz<br \/>\n<\/strong>Die Nutzung dieser Webseite ist regelm\u00e4\u00dfig ohne Angabe personenbezogener Daten m\u00f6glich. Sollten solche personenbezogenen Daten auf dieser Webseite dennoch erhoben werden, so erfolgt dies in Form einer freiwilligen Datenangabe durch den Nutzer. Eine Weitergabe der personenbezogenen Daten an Dritte erfolgt nicht, sofern keine ausdr\u00fcckliche Zustimmung des Nutzers abgegeben wurde.<\/p>\n<p>Sofern auf unseren Webseiten personenbezogene Daten erhoben werden, vollzieht sich die Erhebung dieser Daten stets im Rahmen der Bestimmung des Datenschutzrechtes der Bundesrepublik Deutschland. Sofern personenbezogene Daten erhoben werden, k\u00f6nnen Sie dieser Datenschutzerkl\u00e4rung die Art, den Umfang und den Zweck der Erhebung und Verwendung personenbezogener Daten entnehmen.<\/p>\n<p>Bitte beachten Sie, dass trotz gr\u00f6\u00dfter Sorgfalt die Daten\u00fcbertragung im Internet stets mit Risiken, die auf Sicherheitsl\u00fccken basieren, verbunden ist. Der uneingeschr\u00e4nkte Schutz von Daten ist daher unm\u00f6glich.<\/p>\n<p><strong>Haftung f\u00fcr Inhalte<br \/>\n<\/strong>Die Erstellung der Inhalte dieser Webseite erfolgte mit gr\u00f6\u00dftm\u00f6glicher Sorgfalt. Allerdings k\u00f6nnen wir keine Gew\u00e4hr f\u00fcr die Vollst\u00e4ndigkeit der bereitgestellten Inhalte, ihre Aktualit\u00e4t sowie Richtigkeit \u00fcbernehmen. Gem. \u00a7\u00a7 8 \u2013 10 TMG trifft uns als Dienstanbieter keine Pflicht, fremde Informationen, die \u00fcbermittelt oder gespeichert wurden, zu \u00fcberwachen oder nach Anhaltspunkten und Umst\u00e4nden zu forschen, die die Rechtswidrigkeit von T\u00e4tigkeiten und Informationen indizieren.<\/p>\n<p>Eine Verpflichtung unsererseits zur Nutzungssperrung von Inhalten im Rahmen der allgemeinen Gesetze bleibt hiervon stets unber\u00fchrt. Diese Haftung kommt jedoch erst im Moment der Kenntnisnahme einer konkreten Verletzung von Rechten in Frage. Sollten uns Rechtsverletzungen bekannt werden, so sind die entsprechenden Inhalte von uns unverz\u00fcglich zu entfernen.<\/p>\n<p>Unsere Haftung f\u00fcr eigene Inhalte richtet sich, als Dienstanbieter, nach den allgemeinen Gesetzen.<\/p>\n<p><strong>Haftung f\u00fcr Links<br \/>\n<\/strong>Diese Webseite beinhaltet Verlinkungen zu Webseiten Dritter \u2013 sog. externe Links. Die Inhalte dieser externen Links entziehen sich unserer Einflussnahme, sodass eine Gew\u00e4hr f\u00fcr solche Inhalte unsererseits nicht \u00fcbernommen wird.<\/p>\n<p>Die Verantwortung liegt stets beim jeweiligen Betreiber der externen Seiten. Zum Zeitpunkt der Verkn\u00fcpfung der externen Links waren keine Rechtsverst\u00f6\u00dfe ersichtlich. Die permanente \u00dcberwachung fremder Inhalte auf Rechtsverst\u00f6\u00dfe ohne konkrete Hinweise ist uns nicht zumutbar.<\/p>\n<p>Sollten wir Kenntnis von Rechtsverletzungen erlangen, werden wir die entsprechenden externen Links unverz\u00fcglich entfernen.<\/p>\n<p><strong>Urheberrecht\/Leistungsschutzrecht<br \/>\n<\/strong>Auf die vom Anbieter auf dieser Seite ver\u00f6ffentlichten Inhalte findet das deutsche Urheber und Leistungsschutzrecht Anwendung. Sofern die Vervielf\u00e4ltigung, Bearbeitung, Verbreitung oder jegliche andere Art der Verwertung au\u00dferhalb des deutschen Urheber- und Leistungsschutzrechts liegt, bedarf es einer schriftlichen Zustimmung des jeweiligen Erstellers. Unerlaubtes Kopieren oder Downloaden dieser Seiten ist ausschlie\u00dflich f\u00fcr den privaten Bereich, nicht jedoch f\u00fcr den kommerziellen, erlaubt. Sofern nicht wir als Betreiber auch als Ersteller der Inhalte fungieren, werden die Urheberrechte von Dritten beachtet. Wir sind stets bem\u00fcht solche Inhalte als Inhalte Dritter zu kennzeichnen. Wir bitten Sie f\u00fcr den Fall, dass Ihnen trotz sorgf\u00e4ltiger Arbeit unsererseits, eine Urheberrechtsverletzung auff\u00e4llt, uns entsprechend darauf hinzuweisen, sodass die Entfernung dieser Inhalte umgehend veranlasst werden kann.<\/p>\n<p><strong>Datenschutzerkl\u00e4rung <\/strong><\/p>\n<p>Wir gehen mit Ihren pers\u00f6nlichen Daten sehr gewissenhaft um und richten uns dabei nach den gesetzlichen Bestimmungen der europaweiten Datenschutz-Grundverordnung (EU-DSGVO), dem Bundesdatenschutzgesetz (BDSG) und nach dieser Datenschutzerkl\u00e4rung, in der wir Ihnen erl\u00e4utern wozu wir Ihre personenbezogenen Daten verarbeiten und welche Rechte sich daraus f\u00fcr Sie ergeben.<\/p>\n<p>In der UWG Neu Wulmstorf besch\u00e4ftigen sich weniger als 10 Personen mit der automatisierten Verarbeitung personenbezogener Daten und es werden auch keine Verarbeitungen vorgenommen, die einer Datenschutz-Folgenabsch\u00e4tzung nach Art. 35 DSGVO unterliegen oder personenbezogene Daten \u00fcbermittelt, anonymisiert \u00fcbermittelt oder f\u00fcr Zwecke der Markt- oder Meinungsforschung genutzt. Daher hat der UWG Neu Wulmstorf e.V. keinen Datenschutzbeauftragten.<\/p>\n<p><strong><em>Daten\u00fcbermittlung<br \/>\n<\/em><\/strong>Bei einem Zugriff Ihrerseits auf unsere Webseiten erfolgt eine automatische Daten\u00fcbermittlung von Ihrem Browser an unseren Webserver. Gegenstand dieser \u00dcbermittlung sind anonymisierte Zugriffsdaten ohne Personenbezug, wie etwa Datum und Uhrzeit, Browsertyp, Menge und Art der abgerufenen Daten sowie Ihre IP-Adresse. Die Speicherung dieser Daten geschieht getrennt von etwaigen anderen, im Rahmen der Nutzung unserer Webseiten durch Sie, erhobenen Daten. Diese Daten k\u00f6nnen nicht dazu verwendet werden eine konkrete Person zu bestimmen. Die Erhebung dieser Daten findet lediglich zur Protokollierung des Benutzerverhaltens und zu statistischen Zwecken statt. Nach einer entsprechenden Auswertung wird eine L\u00f6schung der Daten veranlasst.<\/p>\n<p>Generell kann die Daten\u00fcbertragung \u00fcber das Internet, wie z.B. der E-Mail-Verkehr, Sicherheitsl\u00fccken aufweisen. Eine uneingeschr\u00e4nkte Sicherheit vor einem Zugriff durch Dritte kann es nicht geben. Es besteht ein Auftragsverarbeitungsvertrag nach Art. 28 DSGVO mit einem externen IT-Dienstleister zur Wartung des Servers. Dennoch ist dabei ein Zugriff auf personenbezogene Daten nicht auszuschlie\u00dfen. Auch kann es zu Datenpannen, z.B. durch Hackerangriffe, einen verlorenen USB-Stick oder Diebstahl eines Laptops kommen. Liegt eine derartige Verletzung des Schutzes personenbezogener Daten (Art. 33 und 34 DSGVO) vor, werden wir diese schnellstm\u00f6glich, aber innerhalb der vorgeschriebenen 72 Stunden, der zust\u00e4ndigen Datenschutzaufsichtsbeh\u00f6rde melden.<\/p>\n<p>In unserem Fall ist dies:<\/p>\n<p>Die Landesbeauftragte f\u00fcr den Datenschutz Niedersachsen<\/p>\n<p>Prinzenstr. 5<\/p>\n<p>30159 Hannover<\/p>\n<p>Tel. +49 (0) 511 1204500<\/p>\n<p>Fax +49 (0) 511 1204599<\/p>\n<p>poststelle@lfd.niedersachsen.de<\/p>\n<p><strong><em>Bestandsdaten<br \/>\n<\/em><\/strong>Bei der Begr\u00fcndung, inhaltlichen Ausgestaltung oder \u00c4nderung eines Vertragsverh\u00e4ltnisses zwischen Ihnen und uns, erheben und verwenden wir, im Rahmen der Erforderlichkeit, personenbezogene Daten von Ihnen, sog. Bestandsdaten.<\/p>\n<p>Die von uns verarbeiteten personenbezogenen Daten bestehen im Wesentlichen aus Stammdaten (Name, Firma, Firmenanschrift, Position, Adresse, Telefonnummern, E-Mailadresse, etc.), Transaktionsdaten (Kontodaten), Dokumentationsdaten (z.B. Teilnahme an Veranstaltungen) und seltener aus Legitimationsdaten (z.B. Ausweis- oder Passdaten f\u00fcr Zugangsberechtigungen).<\/p>\n<p>Wir erhalten personenbezogene Daten im Rahmen der Erf\u00fcllung unserer satzungsgem\u00e4\u00dfen Aufgaben im Wesentlichen von unseren Mitgliedern und durch \u00fcberreichte Kontaktdaten (z. B. Visitenkarten) bei Besuchen, auf Messen und Veranstaltungen, aus ausgef\u00fcllten Anmeldungen zu Veranstaltungen und Anfragen, z.B. per E-Mail und Telefon und weiteren \u00f6ffentlich zug\u00e4nglichen Quellen.<\/p>\n<p>Die Verarbeitung personenbezogener Daten erfolgt auf Basis einer Einwilligung, zur Erf\u00fcllung vorvertraglicher und vertraglicher Pflichten, aufgrund gesetzlicher Vorgaben, im \u00f6ffentlichen Interesse oder nach einer Interessensabw\u00e4gung.<\/p>\n<p>Die Einwilligung zur Datenverarbeitung (nach Art. 6 Abs. 1a DSGVO) ist mit einem jederzeitigen Widerrufsrecht verkn\u00fcpft. So nutzen wir beispielsweise E-Mail-Adressen zur Zusendung unseres Newsletters oder Einladungen zu einem Event. Auch eine Weitergabe an Dritte oder Auswertung f\u00fcr interne Marketingzwecke wird nur durchgef\u00fchrt, wenn Sie uns explizit daf\u00fcr eine Einwilligung erteilt haben. Eine erteilte Einwilligung kann jederzeit widerrufen werden.<\/p>\n<p>Wenn wir mit Ihnen in einem Vertragsverh\u00e4ltnis oder davor stehen, bestehen Pflichten gem\u00e4\u00df Art. 6 Abs. 1b DSGVO zur Verarbeitung personenbezogener Daten, die f\u00fcr die Erf\u00fcllung eines Vertrags unumg\u00e4nglich sind. Dazu z\u00e4hlen z.B. die Mitgliedschaft und dessen Beantragung, Sponsorenvertr\u00e4ge, Arbeitsvertr\u00e4ge, Dienstleistungsvertr\u00e4ge und Auftr\u00e4ge. Auch f\u00fcr die satzungsgem\u00e4\u00dfe Erf\u00fcllung unserer Aufgaben ist dies erforderlich. Auch gesetzliche Vorgaben nach Art. 6 Abs. 1c DSGVO k\u00f6nnen die Verarbeitung personenbezogener Daten verpflichtend machen (z.B. steuerrechtlich). Bei berechtigten Interessen k\u00f6nnen wir nach Art. 6 Abs. 1f DSGVO f\u00fcr bestimmte Zwecke nach vorheriger Abw\u00e4gung Daten verarbeiten. Dies ist der Fall, wenn wir rechtliche Anspr\u00fcche wahren wollen oder Ihnen z.B. postalisch eine Einladung zu Events zuschicken.<\/p>\n<p>Wir verarbeiten und speichern Ihre personenbezogenen Daten nur f\u00fcr den erforderlichen Zeitraum zur Erf\u00fcllung der vertraglichen und gesetzlichen Pflichten. So werden bei Austritt eines Mitglieds alle pers\u00f6nlichen Daten gel\u00f6scht. F\u00fcr die Aufbewahrung von Akten werden die gesetzlichen Vorschriften (in der Regel 10 Jahre) eingehalten.<\/p>\n<p>In der Regel erfolgt keine Weitergabe oder Auskunftserteilung an Dritte. Auf Anordnung der zust\u00e4ndigen Stellen sind wir gehalten, soweit es zu Zwecken der Strafverfolgung, der Gefahrenabwehr oder zur Erf\u00fcllung weiterer gesetzlicher Aufgaben erforderlich ist, Auskunft \u00fcber personenbezogene Daten zu erteilen.<\/p>\n<p><strong><em>Nutzungsdaten<br \/>\n<\/em><\/strong>Soweit erforderlich, erheben und verwenden wir sog. Nutzungsdaten von Ihnen. Dabei handelt es sich um personenbezogene Daten, die die Inanspruchnahme unseres Internetangebots sowie die Abrechnung erm\u00f6glichen. Dabei werden Daten erfasst, die sowohl die zeitlichen Kriterien der Nutzung unseres Angebots durch Sie enthalten, als auch den Umfang der Nutzung und Ihre Identifikationsmerkmale.<\/p>\n<p>Wir weisen Sie darauf hin, dass es uns zu Werbezwecken, zu Zwecken der Marktforschung sowie zur Gestaltung unseres Internetangebots gestattet ist, Nutzungsprofile d.h. zusammengestellte Daten \u00fcber den Verlauf von Besuchen auf unseren Seiten zu generieren. Diese Nutzungsprofile geben keinen Aufschluss \u00fcber Ihre Person und werden auch nicht mit etwaigen anderen, von uns erhobenen Daten, zusammengef\u00fchrt, sodass auch eine Personenidentifikation durch das Zusammenf\u00fchren verschiedener Daten nicht erfolgen kann. Sie haben jederzeit das Recht, einer solchen Verwendung Ihrer Daten zu widersprechen.<\/p>\n<p><strong><em>Auskunftsrecht<br \/>\n<\/em><\/strong>Wir weisen Sie darauf hin, dass Sie das Recht haben, eine Auskunft von uns \u00fcber die von Ihnen gespeicherten Daten zu verlangen, weiterhin das Recht auf Berichtigung, das Recht auf L\u00f6schung, das Recht auf Einschr\u00e4nkung der Verarbeitung, das Recht auf Widerspruch sowie das Recht auf Daten\u00fcbertragbarkeit. Ihre Anfrage dazu k\u00f6nnen Sie in Textform per Post oder E-Mail an UWG Neu Wulmstorf richten.<\/p>\n<p>Wenn Sie hierzu weitere Informationen ben\u00f6tigen, k\u00f6nnen Sie diese auch unter<\/p>\n<p><a href=\"http:\/\/www.lfd.niedersachsen.de\">www.lfd.niedersachsen.de<\/a> finden oder sich wenden an:<\/p>\n<p>Die Landesbeauftragte f\u00fcr den Datenschutz Niedersachsen<\/p>\n<p>Prinzenstr. 5<\/p>\n<p>30159 Hannover<\/p>\n<p>Tel. +49 (0) 511 1204500<\/p>\n<p>Fax +49 (0) 511 1204599<\/p>\n<p>poststelle@lfd.niedersachsen.de<\/p>\n<p><strong>Datenschutzerkl\u00e4rung \u2013 Social Media \u2013 Zwei-Klick-Methode f\u00fcr Facebook<br \/>\n<\/strong>Um Ihnen einen h\u00f6heren Datenschutz zu gew\u00e4hrleisten, verwenden wir statt der \u00fcblichen Anbieter-Plugins auf unseren Seiten die sog. Zwei-Klick-Methode. Beim Besuch unserer Seite wird Ihre IP-Adresse nicht automatisch an den Anbieter weitergeleitet. Erst durch Bet\u00e4tigen des Aktivierungsbuttons Ihrerseits wird die IP-Adresse \u00dcbermittelt und Sie k\u00f6nnen anschlie\u00dfend den \u201eLike \u2013 Button\u201c oder einen entsprechenden Button bet\u00e4tigen. Sofern Sie die Aktivierung nicht t\u00e4tigen, geben Sie kein Einverst\u00e4ndnis zur \u00dcbermittlung ihrer IP-Adresse und anderer Daten ab. \u00dcber die Nutzung und die Art der erhobenen Daten haben wir leider keine Kenntnis. F\u00fcr weitere Informationen diesbez\u00fcglich verweisen wir auf den Anbieter.<\/p>\n<p><strong>Datenschutzerkl\u00e4rung \u2013 Google Analytics<br \/>\n<\/strong>Unsere Webseite nutzt die Dienste von Google Analytics. Dabei handelt es ich um einen Webanalysedienst der Google Inc. Die Analyse der Benutzung der Webseite durch Sie wird dadurch erm\u00f6glicht, dass sog. \u201eCookies\u201c auf Ihrem Computer gespeichert werden und diese dann Informationen \u00fcber Ihr Benutzungsverhalten generieren und an Google Inc. weiterleiten. In der Regel wird eine gek\u00fcrzte Version Ihrer IP-Adresse an Google Server weitergeleitet. In Ausnahmef\u00e4llen kann auch die komplette IP-Adresse weitergeleitet werden. Diese Informationen nutzt Google in unserem Auftrag zur Erstellung eines Reports \u00fcber das Benutzerverhalten auf unseren Seiten. Die durch Google Analytics ermittelte IP-Adresse wird nicht mit anderen Daten von Google zusammengef\u00fchrt. Sollten Sie keine Speicherung von Cookies auf Ihrem Computer w\u00fcnschen, so k\u00f6nnen Sie entsprechende Einstellungen in Ihrem Browser vornehmen. Leider kann dies eine eingeschr\u00e4nkte Nutzung unserer Seiten zur Folge haben.<\/p>\n<p>Soweit nicht ohnehin eine Anonymisierung der IP-Adressen (IP-Masking) durch Einf\u00fcgung des Codes \u201egat._anonymizeIp ( ) ;\u201c erfolgt ist, werden die erhobenen Daten nach den geltenden gesetzlichen Bestimmungen des Bundesdatenschutzgesetzes und den Nutzungsbedingungen von Google behandelt, die eine Weitergabe von personenbezogenen Daten an Google nicht gestatten.<\/p>\n<p><strong><em>\u00c4nderungen der Datenschutzerkl\u00e4rung<br \/>\n<\/em><\/strong>Sollten zuk\u00fcnftig \u00c4nderungen unserer Datenschutzerkl\u00e4rung vorgenommen werden, so werden die \u00c4nderungen stets auf <a href=\"http:\/\/uwg-neu-wulmstorf.de\/impressumdisclaim\/\">diesen Seiten<\/a> zu finden sein.<\/p>\n<p>Wir hoffen Ihnen mit dieser Datenschutzerkl\u00e4rung in einer verst\u00e4ndlichen Sprache die gesetzlichen Grundlagen erl\u00e4utert zu haben. Aber dar\u00fcber hinaus ist uns noch viel wichtiger, dass wir dadurch Vertrauen schaffen, auf dessen Basis Sie uns Ihre kostbaren personenbezogenen Daten anvertrauen.<\/p>\n<p>&nbsp;<\/p>\n<p><strong>\u00a0<\/strong><\/p>\n<p>&nbsp;<\/p>\n<p>&nbsp;<\/p>\n<p>&nbsp;<\/p>\n","protected":false},"excerpt":{"rendered":"<p>Impressum Angaben gem. \u00a7 5 TMG:\u00a0 UWG Neu Wulmstorf e.V. Lindenstra\u00dfe 14-16 , 21629 Neu Wulmstorf Tel.: 040 7005579 Email: \u00a0martin.stave @ uwg-neu-wulmstorf.de Internet: www.uwg-neu-wulmstorf.de Vertretungsberechtigter Vorstand: Martin Stave (1. Vorsitzender), Frank Kockmann (2. Vorsitzender), Celine Br\u00fcnig (Kassenwartin) Der UWG Neu Wulmstorf e.V. wird gerichtlich und au\u00dfergerichtlich durch die obigen Personen vertreten. Registergericht: Amtsgericht Tostedt [&hellip;]<\/p>\n","protected":false},"author":2,"featured_media":0,"parent":0,"menu_order":9,"comment_status":"closed","ping_status":"closed","template":"","meta":{"footnotes":""},"class_list":["post-25","page","type-page","status-publish","hentry"],"_links":{"self":[{"href":"https:\/\/uwg-neu-wulmstorf.de\/index.php?rest_route=\/wp\/v2\/pages\/25","targetHints":{"allow":["GET"]}}],"collection":[{"href":"https:\/\/uwg-neu-wulmstorf.de\/index.php?rest_route=\/wp\/v2\/pages"}],"about":[{"href":"https:\/\/uwg-neu-wulmstorf.de\/index.php?rest_route=\/wp\/v2\/types\/page"}],"author":[{"embeddable":true,"href":"https:\/\/uwg-neu-wulmstorf.de\/index.php?rest_route=\/wp\/v2\/users\/2"}],"replies":[{"embeddable":true,"href":"https:\/\/uwg-neu-wulmstorf.de\/index.php?rest_route=%2Fwp%2Fv2%2Fcomments&post=25"}],"version-history":[{"count":2,"href":"https:\/\/uwg-neu-wulmstorf.de\/index.php?rest_route=\/wp\/v2\/pages\/25\/revisions"}],"predecessor-version":[{"id":2099,"href":"https:\/\/uwg-neu-wulmstorf.de\/index.php?rest_route=\/wp\/v2\/pages\/25\/revisions\/2099"}],"wp:attachment":[{"href":"https:\/\/uwg-neu-wulmstorf.de\/index.php?rest_route=%2Fwp%2Fv2%2Fmedia&parent=25"}],"curies":[{"name":"wp","href":"https:\/\/api.w.org\/{rel}","templated":true}]}}