{"id":23,"date":"2017-01-12T18:09:15","date_gmt":"2017-01-12T18:09:15","guid":{"rendered":"http:\/\/uwg-neuwulmstorf.de\/?page_id=23"},"modified":"2017-01-12T18:09:15","modified_gmt":"2017-01-12T18:09:15","slug":"frank-kockmann","status":"publish","type":"page","link":"https:\/\/uwg-neu-wulmstorf.de\/?page_id=23","title":{"rendered":"Frank Kockmann"},"content":{"rendered":"\n<figure class=\"wp-block-image alignnone size-medium is-style-default\"><img decoding=\"async\" class=\"wp-image-1810 alignright\" src=\"http:\/\/uwg-neu-wulmstorf.de\/wp-content\/uploads\/2021\/07\/frank-kockman-200x300.jpg\" alt=\"\" \/><\/figure>\n\n\n\n<h5><strong>Zu mir:<\/strong><\/h5>\n<p>\n\n<\/p>\n<p><span style=\"font-family: Helvetica, sans-serif;\">Beruf: Corporate Development (Unternehmensentwicklung)<\/span><br \/>Alter: Jahrgang 1966<br \/>Familie: Verheiratet, 2 Kinder<\/p>\n<p>Karl-Marin-Stra\u00dfe 28<br \/>21629 Neu Wulmstorf<br \/>Tel. 040\/70 97 10 36<br \/>E-Mail: <span style=\"font-family: Arial;\"><a href=\"mailto:%20FrankKockmann@uwg-neu-wulmstorf.de\">Frank Kockmann@UWG-Neu-Wulmstorf.de<\/a><\/span><\/p>\n<p>\n\n<\/p>\n<h5 class=\"wp-block-heading\"><strong>Meine Themen:<\/strong><\/h5>\n<p>\n\n<\/p>\n<ul class=\"wp-block-list\">\n<li>Finanzen und Haushalt<\/li>\n<li>Wirtschaftsf\u00f6rderung<\/li>\n<li>Senioren<\/li>\n<\/ul>\n\n\n\n<p>&nbsp;<\/p>\n\n\n\n<blockquote class=\"wp-block-quote is-layout-flow wp-block-quote-is-layout-flow\">\n<p>Ich lebe seit 1992 in der Gemeinde Neu Wulmstorf.\u00a0 Mit meiner Frau und meinen 2 S\u00f6hnen konnte ich in den letzten Jahren die positive Entwicklung in der Gemeinde und auch deren Herausforderungen verfolgen.<\/p>\n<p>Ich bin seit vielen Jahren in der Wirtschaft t\u00e4tig mit einem Schwerpunkt auf IT- und Handelsunternehmen. Dabei ging es haupts\u00e4chlich um die Bereiche Unternehmensorganisation, -entwicklung &amp; Vertrieb f\u00fcr mittelst\u00e4ndische Unternehmen und Konzerne. Durch meine Familie und die ehrenamtlichen T\u00e4tigkeiten im Bereich Sport\/Jugend, Gewerbe und Politik sind mir viele Themen in der Gemeinde bekannt.<\/p>\n<p>Somit werde ich mich haupts\u00e4chlich um Themen innerhalb der UWG k\u00fcmmern, die sich mit der Optimierung der aktuellen Situation in Neu Wulmstorf besch\u00e4ftigen, welche ich pers\u00f6nlich als gut erachte. Meine Schwerpunkte sind dabei die Themen Finanzen, Wirtschaft und Senioren.<\/p>\n<p>Aus meiner Sicht geht es darum, viele positive Dinge in der Gemeinde zu erhalten und an Themen mitzuarbeiten, die in der Vergangenheit als Verbesserungspotenziale durch die B\u00fcrger genannt wurden. Dazu geh\u00f6rt ein planbares Wachstum der Gemeinde durch schl\u00fcssige, ganzheitliche Konzepte in Bezug auf Infrastruktur, Gewerbe und Finanzen zu gestalten. Immer unter der Ber\u00fccksichtigung der Bed\u00fcrfnisse aller Altersklassen und ohne aus den Augen zu verlieren wieviel die Themen kosten und was sie bringen.<\/p>\n<\/blockquote>\n","protected":false},"excerpt":{"rendered":"<p>Zu mir: Beruf: Corporate Development (Unternehmensentwicklung)Alter: Jahrgang 1966Familie: Verheiratet, 2 Kinder Karl-Marin-Stra\u00dfe 2821629 Neu WulmstorfTel. 040\/70 97 10 36E-Mail: Frank Kockmann@UWG-Neu-Wulmstorf.de Meine Themen: Finanzen und Haushalt Wirtschaftsf\u00f6rderung Senioren &nbsp; Ich lebe seit 1992 in der Gemeinde Neu Wulmstorf.\u00a0 Mit meiner Frau und meinen 2 S\u00f6hnen konnte ich in den letzten Jahren die positive Entwicklung in [&hellip;]<\/p>\n","protected":false},"author":2,"featured_media":0,"parent":0,"menu_order":3,"comment_status":"closed","ping_status":"closed","template":"templates\/template-kandidat.php","meta":{"footnotes":""},"class_list":["post-23","page","type-page","status-publish","hentry"],"_links":{"self":[{"href":"https:\/\/uwg-neu-wulmstorf.de\/index.php?rest_route=\/wp\/v2\/pages\/23","targetHints":{"allow":["GET"]}}],"collection":[{"href":"https:\/\/uwg-neu-wulmstorf.de\/index.php?rest_route=\/wp\/v2\/pages"}],"about":[{"href":"https:\/\/uwg-neu-wulmstorf.de\/index.php?rest_route=\/wp\/v2\/types\/page"}],"author":[{"embeddable":true,"href":"https:\/\/uwg-neu-wulmstorf.de\/index.php?rest_route=\/wp\/v2\/users\/2"}],"replies":[{"embeddable":true,"href":"https:\/\/uwg-neu-wulmstorf.de\/index.php?rest_route=%2Fwp%2Fv2%2Fcomments&post=23"}],"version-history":[{"count":0,"href":"https:\/\/uwg-neu-wulmstorf.de\/index.php?rest_route=\/wp\/v2\/pages\/23\/revisions"}],"wp:attachment":[{"href":"https:\/\/uwg-neu-wulmstorf.de\/index.php?rest_route=%2Fwp%2Fv2%2Fmedia&parent=23"}],"curies":[{"name":"wp","href":"https:\/\/api.w.org\/{rel}","templated":true}]}}