{"id":1948,"date":"2021-08-10T16:49:14","date_gmt":"2021-08-10T16:49:14","guid":{"rendered":"http:\/\/uwg-neu-wulmstorf.de\/?page_id=1948"},"modified":"2021-08-10T16:49:14","modified_gmt":"2021-08-10T16:49:14","slug":"wiegers","status":"publish","type":"page","link":"https:\/\/uwg-neu-wulmstorf.de\/?page_id=1948","title":{"rendered":"Martina Wiegers"},"content":{"rendered":"<h5><strong>Zu mir:<\/strong><\/h5>\n<!-- \/wp:post-content -->\n\n<!-- wp:image {\"align\":\"right\",\"id\":1724,\"width\":300,\"sizeSlug\":\"full\",\"linkDestination\":\"none\",\"className\":\"is-style-default\"} -->\n<div class=\"wp-block-image is-style-default\">\n<figure class=\"alignright size-full is-resized\"><img loading=\"lazy\" decoding=\"async\" class=\"alignnone wp-image-1947 size-medium\" src=\"http:\/\/uwg-neu-wulmstorf.de\/wp-content\/uploads\/2021\/08\/hpmartina-213x300.jpg\" alt=\"\" width=\"213\" height=\"300\" \/><\/figure>\n<\/div>\n<p>Alter: 54<\/p>\n<p>Familie:\u00a0verheiratet, 4 erwachsene Kinder<\/p>\n<!-- \/wp:image -->\n\n<!-- wp:heading {\"level\":5} -->\n<h5><strong>Meine Themen:<\/strong><\/h5>\n<!-- \/wp:heading -->\n\n<!-- wp:list -->\n<ul>\n<li>\n<p>Landwirtschaft<\/p>\n<\/li>\n<li>\n<p>Ortsentwicklung<\/p>\n<\/li>\n<li>\n<p>Ehrenamtsf\u00f6rderung<\/p>\n<\/li>\n<li>\n<p>Vereine<\/p>\n<\/li>\n<\/ul>\n<!-- \/wp:list -->\n\n<!-- wp:heading {\"level\":5} -->\n<h5><strong>Was treibt mich an\/ hat mich zur Politik gebracht?<\/strong><\/h5>\n<!-- \/wp:heading -->\n\n<!-- wp:paragraph -->\n<p>Schon seit 30 Jahren ist die Gemeinde Neu Wulmstorf meine Heimat und deswegen liegt mir die Entwicklung und Gestaltung der einzelnen Ortschaften besonders am Herzen. Gerne wu\u0308rde ich mich dafu\u0308r engagieren den l\u00e4ndlichen Charme der Gemeinde zu bewahren und sie trotzdem fit fu\u0308r die Zukunft zu gestalten. Dazu geh\u00f6ren fu\u0308r mich nicht nur die Themen Verkehr, Wohnungsbau und Erhaltung von ortsans\u00e4ssigem Gewerbe, sondern auch die F\u00f6rderung der Gemeinschaft durch das Ehrenamt und die Vereine.<\/p>\n<!-- \/wp:paragraph -->\n\n<!-- wp:heading {\"level\":5} -->\n<h5><strong>Warum die UWG\/FREIE W\u00c4HLER ?<\/strong><\/h5>\n<!-- \/wp:heading -->\n\n<!-- wp:paragraph -->\n<p>Mein Interesse an Politik hat mein Schwiegervater geweckt, der sich schon seit Jahrzehnten in der Politik aktiv engagiert. Die Entscheidung fu\u0308r die UWG ist mir leicht gefallen, da mir die Unabh\u00e4ngigkeit der Partei gef\u00e4llt und der Fraktionszwang somit entf\u00e4llt.<\/p>","protected":false},"excerpt":{"rendered":"<p>Zu mir: Alter: 54 Familie:\u00a0verheiratet, 4 erwachsene Kinder Meine Themen: Landwirtschaft Ortsentwicklung Ehrenamtsf\u00f6rderung Vereine Was treibt mich an\/ hat mich zur Politik gebracht? Schon seit 30 Jahren ist die Gemeinde Neu Wulmstorf meine Heimat und deswegen liegt mir die Entwicklung und Gestaltung der einzelnen Ortschaften besonders am Herzen. Gerne wu\u0308rde ich mich dafu\u0308r engagieren den [&hellip;]<\/p>\n","protected":false},"author":1,"featured_media":0,"parent":0,"menu_order":0,"comment_status":"closed","ping_status":"closed","template":"templates\/template-kandidat.php","meta":{"footnotes":""},"class_list":["post-1948","page","type-page","status-publish","hentry"],"_links":{"self":[{"href":"https:\/\/uwg-neu-wulmstorf.de\/index.php?rest_route=\/wp\/v2\/pages\/1948","targetHints":{"allow":["GET"]}}],"collection":[{"href":"https:\/\/uwg-neu-wulmstorf.de\/index.php?rest_route=\/wp\/v2\/pages"}],"about":[{"href":"https:\/\/uwg-neu-wulmstorf.de\/index.php?rest_route=\/wp\/v2\/types\/page"}],"author":[{"embeddable":true,"href":"https:\/\/uwg-neu-wulmstorf.de\/index.php?rest_route=\/wp\/v2\/users\/1"}],"replies":[{"embeddable":true,"href":"https:\/\/uwg-neu-wulmstorf.de\/index.php?rest_route=%2Fwp%2Fv2%2Fcomments&post=1948"}],"version-history":[{"count":0,"href":"https:\/\/uwg-neu-wulmstorf.de\/index.php?rest_route=\/wp\/v2\/pages\/1948\/revisions"}],"wp:attachment":[{"href":"https:\/\/uwg-neu-wulmstorf.de\/index.php?rest_route=%2Fwp%2Fv2%2Fmedia&parent=1948"}],"curies":[{"name":"wp","href":"https:\/\/api.w.org\/{rel}","templated":true}]}}