{"id":1937,"date":"2021-07-29T07:14:37","date_gmt":"2021-07-29T07:14:37","guid":{"rendered":"http:\/\/uwg-neu-wulmstorf.de\/?page_id=1937"},"modified":"2021-07-29T07:14:37","modified_gmt":"2021-07-29T07:14:37","slug":"about-us","status":"publish","type":"page","link":"https:\/\/uwg-neu-wulmstorf.de\/?page_id=1937","title":{"rendered":"UWG Neu Wulmstorf"},"content":{"rendered":"<p><b>Wer\u00a0oder\u00a0was\u00a0ist\u00a0eigentlich\u00a0die\u00a0UWG?<\/b><\/p>\n<p>Die Unabh\u00e4ngige W\u00e4hlergemeinschaft Neu Wulmstorf e.V. ist keine Partei, sondern ein eingetragener gemeinn\u00fctziger Verein. Sie bietet als nicht parteigebundene, nur auf die Gemeinde Neu Wulmstorf bezogene, Gruppe Menschen unterschiedlicher politischer Richtungen die M\u00f6glichkeit, sich politisch f\u00fcr das Wohl der Gemeinde einzusetzen.<\/p>\n<p>Aus diesem Grund bleibt die UWG Neu Wulmstorf lediglich \u201eim Ort\u201c und strebt keine Mandate au\u00dferhalb der Gemeinde an. Dadurch k\u00f6nnen Interessenkonflikte zwischen Kreispolitik und Gemeindepolitik, wie sie leider immer wieder in unterschiedlichen Abstimmungsverhalten bei Mitgliedern anderer Fraktionen zu beobachten sind, vermieden werden.<\/p>\n<p>Einen sogenannten \u201eFraktionszwang\u201c im Abstimmungsverhalten bei Ratsbeschl\u00fcssen lehnt die UWG ab. Wenn eine interne Sachdiskussion in der UWG-Ratsfraktion ohne einhellige Meinung abgeschlossen wird, so folgen die Mitglieder in der Ratsabstimmung einzig und allein ihrem eigenen Wissen und Gewissen!<span class=\"Apple-converted-space\">\u00a0<\/span><\/p>\n<p>Wir k\u00f6nnen mit einigem Stolz behaupten, dass es durch diese Vorgehensweise zu keinem Zeitpunkt Streit oder pers\u00f6nliche Anfeindungen unter den Fraktionsmitgliedern gegeben hat!<\/p>\n<p>Gegr\u00fcndet wurde die UWG am 2. November 1999 von zehn Neu Wulmstorfer B\u00fcrgerinnen und B\u00fcrgern, die Eintragung ins Vereinsregister Tostedt erfolgte am 5. Januar 2000.<\/p>\n<p>Die Kosten der Vereinsarbeit und der Gemeinderatswahlk\u00e4mpfe werden \u00fcber die Beitr\u00e4ge der Mitglieder und durch Spenden finanziert.<\/p>\n<p><img loading=\"lazy\" decoding=\"async\" class=\"size-medium wp-image-1681 aligncenter\" src=\"http:\/\/uwg-neu-wulmstorf.de\/wp-content\/uploads\/2021\/06\/Logo-weis-300x115.png\" alt=\"\" width=\"300\" height=\"115\" \/><\/p>\n<p><b>Kooperation\u00a0UWG mit den\u00a0FREIE\u00a0W\u00c4HLER Landkreis Harburg<\/b><\/p>\n<p>Seit mehreren Jahren kooperiert die UWG Neu Wulmstorf auf Kreisebene mit der Partei FREIE W\u00c4HLER. Dies<span class=\"Apple-converted-space\">\u00a0<\/span><\/p>\n<p>erm\u00f6glicht es der UWG, sich weiter auf Neu Wulmstorf zu konzentrieren aber dennoch Themen auf Kreisebene vorantreiben zu k\u00f6nnen.<\/p>\n<p>Unabh\u00e4ngigkeit in der Gestaltung der politischen Agenda vor Ort und fehlender Fraktionszwang; aber vor allem pragmatische und l\u00f6sungsorientierte Ausrichtung \u2013 \u201eB\u00fcrgernahe Politik mit gesundem Menschenverstand\u201c, bedingt durch starke kommunale Verwurzelung &#8211; z\u00e4hlen zu den St\u00e4rken der Partei und stehen im Einklang mit den Grunds\u00e4tzen der UWG, die seit der Gr\u00fcndung praktiziert werden.<\/p>\n<p>Die Wahlerfolge der Freien W\u00e4hler sowie die stetig wachsende Zahl der Mitglieder zeugen davon, dass diese Ausrichtung in der Bev\u00f6lkerung ankommt.<span class=\"Apple-converted-space\">\u00a0 <\/span>Wir werden die Kooperation fortsetzen und ausbauen.<\/p>\n","protected":false},"excerpt":{"rendered":"<p>Wer\u00a0oder\u00a0was\u00a0ist\u00a0eigentlich\u00a0die\u00a0UWG? Die Unabh\u00e4ngige W\u00e4hlergemeinschaft Neu Wulmstorf e.V. ist keine Partei, sondern ein eingetragener gemeinn\u00fctziger Verein. Sie bietet als nicht parteigebundene, nur auf die Gemeinde Neu Wulmstorf bezogene, Gruppe Menschen unterschiedlicher politischer Richtungen die M\u00f6glichkeit, sich politisch f\u00fcr das Wohl der Gemeinde einzusetzen. Aus diesem Grund bleibt die UWG Neu Wulmstorf lediglich \u201eim Ort\u201c und strebt [&hellip;]<\/p>\n","protected":false},"author":1,"featured_media":0,"parent":0,"menu_order":0,"comment_status":"closed","ping_status":"closed","template":"templates\/template-uwg.php","meta":{"footnotes":""},"class_list":["post-1937","page","type-page","status-publish","hentry"],"_links":{"self":[{"href":"https:\/\/uwg-neu-wulmstorf.de\/index.php?rest_route=\/wp\/v2\/pages\/1937","targetHints":{"allow":["GET"]}}],"collection":[{"href":"https:\/\/uwg-neu-wulmstorf.de\/index.php?rest_route=\/wp\/v2\/pages"}],"about":[{"href":"https:\/\/uwg-neu-wulmstorf.de\/index.php?rest_route=\/wp\/v2\/types\/page"}],"author":[{"embeddable":true,"href":"https:\/\/uwg-neu-wulmstorf.de\/index.php?rest_route=\/wp\/v2\/users\/1"}],"replies":[{"embeddable":true,"href":"https:\/\/uwg-neu-wulmstorf.de\/index.php?rest_route=%2Fwp%2Fv2%2Fcomments&post=1937"}],"version-history":[{"count":0,"href":"https:\/\/uwg-neu-wulmstorf.de\/index.php?rest_route=\/wp\/v2\/pages\/1937\/revisions"}],"wp:attachment":[{"href":"https:\/\/uwg-neu-wulmstorf.de\/index.php?rest_route=%2Fwp%2Fv2%2Fmedia&parent=1937"}],"curies":[{"name":"wp","href":"https:\/\/api.w.org\/{rel}","templated":true}]}}