{"id":1723,"date":"2021-07-24T08:13:12","date_gmt":"2021-07-24T08:13:12","guid":{"rendered":"http:\/\/uwg-neu-wulmstorf.de\/?page_id=1723"},"modified":"2021-07-24T08:13:12","modified_gmt":"2021-07-24T08:13:12","slug":"martin","status":"publish","type":"page","link":"https:\/\/uwg-neu-wulmstorf.de\/?page_id=1723","title":{"rendered":"Martin Stave"},"content":{"rendered":"\n<h5 class=\"wp-block-heading\"><strong>Zu mir:<\/strong><\/h5>\n\n\n\n<div class=\"wp-block-image is-style-default\">\n<figure class=\"alignright size-full is-resized\"><img decoding=\"async\" class=\"wp-image-1724\" src=\"http:\/\/uwg-neu-wulmstorf.de\/wp-content\/uploads\/2021\/07\/martin-e1627138980431.png\" alt=\"\" width=\"300\" \/><\/figure>\n<\/div>\n\n\n\n<p><span style=\"font-family: Helvetica, sans-serif;\">Beruf: Industriemechaniker<\/span><br \/>Alter: 31<br \/>Familie: verheiratet, ein Kind<\/p>\n\n\n\n<h5 class=\"wp-block-heading\"><strong>Meine Themen:<\/strong><\/h5>\n\n\n\n<ul class=\"wp-block-list\">\n<li>B\u00fcrgerbeteiligung<\/li>\n<li>Verkehrskonzept f\u00fcr Neu Wulmstorf und R\u00fcbke<\/li>\n<li>Klimaschutz vorantreiben<\/li>\n<li>Digitalisierung<\/li>\n<li>Feuerwehr<\/li>\n<\/ul>\n\n\n\n<h5 class=\"wp-block-heading\"><strong>Was treibt mich an\/ hat mich zur Politik gebracht?<\/strong><\/h5>\n\n\n\n<p>Politik darf sich nicht verstecken und muss nah am B\u00fcrger sein. Dies geht nur mit maximaler Transparenz aller Vorg\u00e4nge. Viel zu oft finden Entscheidungen statt, ohne dass die Entscheidungsprozesse nachvollziehbar sind. Die Politik muss sich der Zeit anpassen, bereits 2016 wurde in Niedersachsen die Gesetzesgrundlage f\u00fcr Livestreams von Ratssitzungen geschaffen! Leider wird dies immer noch nicht genutzt.<\/p>\n\n\n\n<p>Politiker k\u00f6nnen nicht in jedem Fachgebiet Experten sein. Es kann nicht optional sein die Bev\u00f6lkerung an Entscheidungen zu beteiligen, dies muss zur Selbstverst\u00e4ndlichkeit f\u00fcr Entscheidungsprozesse werden.<\/p>\n\n\n\n<p>Genauso f\u00e4llt auf das ganz oft nach eigenen \u201eInteressen\u201c entschieden wird. Ist man selber nicht betroffen ist das Thema erstmal unwichtig. Beispiel Barrierefreiheit, Inklusion oder die geschlechtsneutrale Sprache, dies wird allzu oft als leidiges pflicht Thema verstanden ohne zu verstehen was dies f\u00fcr Betroffene wirklich bedeutet.<\/p>\n\n\n\n<p><em><strong>F\u00fcr mich ist es wichtig erstmal zuzuh\u00f6ren und dann Entscheidungen mit den Leuten zu treffen!<\/strong><\/em><\/p>\n\n\n\n<p>Sprechen sie mich gerne an: <a href=\"mailto:martin.stave@uwg-neu-wulmstorf.de\">martin.stave@uwg-neu-wulmstorf.de<\/a><\/p>\n\n\n\n<h5 class=\"wp-block-heading\"><strong>Warum die UWG\/FREIE W\u00c4HLER ?<\/strong><\/h5>\n\n\n\n<p>Eine besondere Situation der UWG\/FW ist die Unabh\u00e4ngigkeit der einzelnen Mitglieder zueinander. Jeder ist nur seinem eigenen Wissen und Gewissen verpflichtet. Durch Mitglieder aus allen Bev\u00f6lkerungsschichten kann es innerhalb der Fraktion mehr als eine Meinung geben. Genauso k\u00f6nnen bei Abstimmungen im Gemeinderat die Stimmen verschieden verteilt werden. Es gibt keinen Fraktionszwang!<\/p>\n\n\n\n<p><em><strong>Dies f\u00fchrt zu Diversit\u00e4t und mehr Offenheit gegen\u00fcber anderen Standpunkten. Einen Faktor den es nur bei den UWG\/FW gibt!<\/strong><\/em><\/p>\n","protected":false},"excerpt":{"rendered":"<p>Zu mir: Beruf: IndustriemechanikerAlter: 31Familie: verheiratet, ein Kind Meine Themen: B\u00fcrgerbeteiligung Verkehrskonzept f\u00fcr Neu Wulmstorf und R\u00fcbke Klimaschutz vorantreiben Digitalisierung Feuerwehr Was treibt mich an\/ hat mich zur Politik gebracht? Politik darf sich nicht verstecken und muss nah am B\u00fcrger sein. Dies geht nur mit maximaler Transparenz aller Vorg\u00e4nge. Viel zu oft finden Entscheidungen statt, [&hellip;]<\/p>\n","protected":false},"author":1,"featured_media":0,"parent":0,"menu_order":0,"comment_status":"closed","ping_status":"closed","template":"templates\/template-kandidat.php","meta":{"footnotes":""},"class_list":["post-1723","page","type-page","status-publish","hentry"],"_links":{"self":[{"href":"https:\/\/uwg-neu-wulmstorf.de\/index.php?rest_route=\/wp\/v2\/pages\/1723","targetHints":{"allow":["GET"]}}],"collection":[{"href":"https:\/\/uwg-neu-wulmstorf.de\/index.php?rest_route=\/wp\/v2\/pages"}],"about":[{"href":"https:\/\/uwg-neu-wulmstorf.de\/index.php?rest_route=\/wp\/v2\/types\/page"}],"author":[{"embeddable":true,"href":"https:\/\/uwg-neu-wulmstorf.de\/index.php?rest_route=\/wp\/v2\/users\/1"}],"replies":[{"embeddable":true,"href":"https:\/\/uwg-neu-wulmstorf.de\/index.php?rest_route=%2Fwp%2Fv2%2Fcomments&post=1723"}],"version-history":[{"count":0,"href":"https:\/\/uwg-neu-wulmstorf.de\/index.php?rest_route=\/wp\/v2\/pages\/1723\/revisions"}],"wp:attachment":[{"href":"https:\/\/uwg-neu-wulmstorf.de\/index.php?rest_route=%2Fwp%2Fv2%2Fmedia&parent=1723"}],"curies":[{"name":"wp","href":"https:\/\/api.w.org\/{rel}","templated":true}]}}