{"id":17,"date":"2017-01-12T18:07:59","date_gmt":"2017-01-12T18:07:59","guid":{"rendered":"http:\/\/uwg-neuwulmstorf.de\/?page_id=17"},"modified":"2017-01-12T18:07:59","modified_gmt":"2017-01-12T18:07:59","slug":"jan-luedemann","status":"publish","type":"page","link":"https:\/\/uwg-neu-wulmstorf.de\/?page_id=17","title":{"rendered":"Jan L\u00fcdemann"},"content":{"rendered":"\n<figure>\n<h5><strong>Zu mir:<\/strong><\/h5>\n<div class=\"wp-block-image is-style-default\">\n<figure class=\"alignright size-full is-resized\"><img loading=\"lazy\" decoding=\"async\" class=\"alignnone  wp-image-1846\" src=\"http:\/\/uwg-neu-wulmstorf.de\/wp-content\/uploads\/2021\/07\/hpJan-213x300.jpg\" alt=\"\" width=\"262\" height=\"369\" \/><\/figure>\n<\/div>\n<p>Beruf: Gesch\u00e4ftsf\u00fchrer OHG<br \/>Alter: 50<br \/>Familie: ein Kind<\/p>\n<h5><strong>Meine Themen:<\/strong><\/h5>\n<ul>\n<li>B\u00fcrgerbeteiligung<\/li>\n<li>Ortsentwicklung<\/li>\n<li>Verkehr<\/li>\n<li>Sport Kultur Vereine<\/li>\n<li>Katastrophenschutz<\/li>\n<\/ul>\n<h5><strong>Was treibt mich an\/ hat mich zur Politik gebracht?<\/strong><\/h5>\n<\/figure>\n<figure>\n<p>Ich habe mich schon immer f\u00fcr Politik interessiert und die M\u00f6glichkeit wahr genommen schon mit Mitte zwanzig im Rat der Gemeinde Neu Wulmstorf unseren Ort mit zu gestalten. <br \/>Ich bin immer wieder h\u00f6chst motiviert in der Politik die Chancen f\u00fcr unsere Gemeinde zum besten zu nutzen und umzusetzen.<\/p>\n<h5><strong>Warum die UWG\/FREIE W\u00c4HLER ?<\/strong><\/h5>\nIn der UWG sind die meisten politischen Str\u00f6mungen vertreten und der bunte mix f\u00fcr die besten Entscheidungen f\u00fcr unsere Gemeinde Neu Wulmstorf zu b\u00fcndeln und zu vertreten ist nicht nur spannend sondern auch ohne Parteibuch zu beachten wie es in den anderen Parteien gemacht wird . Das alles ohne Fraktionszwang um in der Sache zu entscheiden ist der grosse Vorteil der UWG als Verein und nicht als Partei<\/figure>\n\n\n\n<blockquote class=\"wp-block-quote is-layout-flow wp-block-quote-is-layout-flow\">\n<p style=\"text-align: left;\">Ich bin seit 1996 im Rat der Gemeinde Neu Wulmstorf politisch \u00a0t\u00e4tig.<br \/>Zuerst im Ausschuss f\u00fcr Umwelt und Verkehr als zugew\u00e4hltes Mitglied und sp\u00e4ter als Nachr\u00fccker in den Gemeinderat.<br \/>Im Laufe dieser Jahre habe ich in allen Aussch\u00fcssen der Gemeinde mitarbeiten d\u00fcrfen und mir somit \u00a0einen \u00dcberblick \u00fcber die vielf\u00e4ltigen Aufgaben der Kommune verschaffen k\u00f6nnen.<br \/>Im Jahr 2006 habe ich den \u00a0Vorsitz der Mitglieder st\u00e4rksten Fraktion \u00fcbernommen und bin zum Stellvertretenden B\u00fcrgermeister gew\u00e4hlt wurden.<br \/>Im Jahre 2011 nach der Kommunalwahl bin ich dann zus\u00e4tzlich Mitglied des Kreistags des Landkreises Harburg geworden.<\/p>\n<p>Die vielf\u00e4ltigen Aufgaben und Herausforderungen der kommunen insbesondere in Neu Wulmstorf interessieren mich sehr und ich m\u00f6chte mich auch in Zukunft weiter politisch einbringen und die M\u00f6glichkeit der Mitgestaltung unsers Heimatortes aktiv begleiten.<\/p>\n<p>Gerne w\u00fcrde ich mich wieder als Stellvertretender B\u00fcrgermeister zur Verf\u00fcgung stellen.<\/p>\n<p>Darum bitte ich um ihre Stimmen bei der Kommunalwahl am 12 September<\/p>\n<p>Ihr \/ euer <br \/>Jan L\u00fcdemann<\/p>\n<\/blockquote>\n<p>&nbsp;<\/p>\n","protected":false},"excerpt":{"rendered":"<p>Ich bin seit 1996 im Rat der Gemeinde Neu Wulmstorf politisch \u00a0t\u00e4tig.Zuerst im Ausschuss f\u00fcr Umwelt und Verkehr als zugew\u00e4hltes Mitglied und sp\u00e4ter als Nachr\u00fccker in den Gemeinderat.Im Laufe dieser Jahre habe ich in allen Aussch\u00fcssen der Gemeinde mitarbeiten d\u00fcrfen und mir somit \u00a0einen \u00dcberblick \u00fcber die vielf\u00e4ltigen Aufgaben der Kommune verschaffen k\u00f6nnen.Im Jahr 2006 [&hellip;]<\/p>\n","protected":false},"author":2,"featured_media":0,"parent":0,"menu_order":1,"comment_status":"closed","ping_status":"closed","template":"templates\/template-kandidat.php","meta":{"footnotes":""},"class_list":["post-17","page","type-page","status-publish","hentry"],"_links":{"self":[{"href":"https:\/\/uwg-neu-wulmstorf.de\/index.php?rest_route=\/wp\/v2\/pages\/17","targetHints":{"allow":["GET"]}}],"collection":[{"href":"https:\/\/uwg-neu-wulmstorf.de\/index.php?rest_route=\/wp\/v2\/pages"}],"about":[{"href":"https:\/\/uwg-neu-wulmstorf.de\/index.php?rest_route=\/wp\/v2\/types\/page"}],"author":[{"embeddable":true,"href":"https:\/\/uwg-neu-wulmstorf.de\/index.php?rest_route=\/wp\/v2\/users\/2"}],"replies":[{"embeddable":true,"href":"https:\/\/uwg-neu-wulmstorf.de\/index.php?rest_route=%2Fwp%2Fv2%2Fcomments&post=17"}],"version-history":[{"count":0,"href":"https:\/\/uwg-neu-wulmstorf.de\/index.php?rest_route=\/wp\/v2\/pages\/17\/revisions"}],"wp:attachment":[{"href":"https:\/\/uwg-neu-wulmstorf.de\/index.php?rest_route=%2Fwp%2Fv2%2Fmedia&parent=17"}],"curies":[{"name":"wp","href":"https:\/\/api.w.org\/{rel}","templated":true}]}}