{"id":105,"date":"2017-01-13T18:24:15","date_gmt":"2017-01-13T18:24:15","guid":{"rendered":"http:\/\/uwg-neuwulmstorf.de\/?page_id=105"},"modified":"2017-01-13T18:24:15","modified_gmt":"2017-01-13T18:24:15","slug":"beitraegebeitrittserklaerung","status":"publish","type":"page","link":"https:\/\/uwg-neu-wulmstorf.de\/?page_id=105","title":{"rendered":"Beitr\u00e4ge\/Beitrittserkl\u00e4rung"},"content":{"rendered":"<p><a href=\"http:\/\/uwg-neu-wulmstorf.de\/wp-content\/uploads\/2018\/08\/UWG_Beitrittserkl\u00e4rung_2018.jpg\" target=\"_blank\" rel=\"noopener\"><img loading=\"lazy\" decoding=\"async\" class=\"alignleft wp-image-961 size-full\" src=\"http:\/\/uwg-neu-wulmstorf.de\/wp-content\/uploads\/2018\/08\/UWG_Beitrittserkl\u00e4rung_2018.jpg\" alt=\"\" width=\"400\" height=\"673\"><\/a><\/p>\n<p>&nbsp;<br \/>\n<strong>Der Jahresmitgliedsbeitrag betr\u00e4gt z.Zt.&nbsp;&nbsp;<\/strong>&nbsp;&nbsp;&nbsp;&nbsp;<\/p>\n<p>f\u00fcr Einzelmitglieder&nbsp; \u20ac&nbsp; 30,00<\/p>\n<p>f\u00fcr Ehepaare&nbsp; \u20ac&nbsp; 50,00<\/p>\n<p>&nbsp;f\u00fcr Sch\u00fcler, Lehrlinge,<br \/>\nStudenten, Rentner, Arbeitslose&nbsp; \u20ac&nbsp; 15,00<\/p>\n<p><a href=\"http:\/\/uwg-neu-wulmstorf.de\/wp-content\/uploads\/2018\/08\/UWG_Beitrittserkl\u00e4rung_2018.pdf\" target=\"_blank\" rel=\"noopener\">Download Beitrittserkl\u00e4rung als pdf<\/a><br \/>\n<a href=\"http:\/\/uwg-neu-wulmstorf.de\/wp-content\/uploads\/2018\/08\/UWG_Beitrittserkl\u00e4rung_2018.doc\" target=\"_blank\" rel=\"noopener\">Download Beitrittserkl\u00e4rung als Word-Datei<\/a><\/p>\n<p>&nbsp;<\/p>\n<p><span style=\"color: #ff0000;\"><strong>Das ausgef\u00fcllte Formular k\u00f6nnen Sie per Brief oder E-Mail sowie nat\u00fcrlich pers\u00f6nlich an die UWG \u00fcbermitteln:<\/strong><\/span><\/p>\n<p><span class=\"current\">Alexander Weiz<\/span><br \/>\nIngrid-Marie-Weg 5, 21629 Neu Wulmstorf<br \/>\nEmail: <a href=\"mailto:alexander.weiz@uwg-neu-wulmstorf.de\">alexander.weiz@uwg-neu-wulmstorf.de<\/a><\/p>\n","protected":false},"excerpt":{"rendered":"<p>&nbsp; Der Jahresmitgliedsbeitrag betr\u00e4gt z.Zt.&nbsp;&nbsp;&nbsp;&nbsp;&nbsp;&nbsp; f\u00fcr Einzelmitglieder&nbsp; \u20ac&nbsp; 30,00 f\u00fcr Ehepaare&nbsp; \u20ac&nbsp; 50,00 &nbsp;f\u00fcr Sch\u00fcler, Lehrlinge, Studenten, Rentner, Arbeitslose&nbsp; \u20ac&nbsp; 15,00 Download Beitrittserkl\u00e4rung als pdf Download Beitrittserkl\u00e4rung als Word-Datei &nbsp; Das ausgef\u00fcllte Formular k\u00f6nnen Sie per Brief oder E-Mail sowie nat\u00fcrlich pers\u00f6nlich an die UWG \u00fcbermitteln: Alexander Weiz Ingrid-Marie-Weg 5, 21629 Neu Wulmstorf Email: alexander.weiz@uwg-neu-wulmstorf.de<\/p>\n","protected":false},"author":2,"featured_media":0,"parent":29,"menu_order":3,"comment_status":"closed","ping_status":"closed","template":"templates\/template-onecolumn.php","meta":{"footnotes":""},"class_list":["post-105","page","type-page","status-publish","hentry"],"_links":{"self":[{"href":"https:\/\/uwg-neu-wulmstorf.de\/index.php?rest_route=\/wp\/v2\/pages\/105","targetHints":{"allow":["GET"]}}],"collection":[{"href":"https:\/\/uwg-neu-wulmstorf.de\/index.php?rest_route=\/wp\/v2\/pages"}],"about":[{"href":"https:\/\/uwg-neu-wulmstorf.de\/index.php?rest_route=\/wp\/v2\/types\/page"}],"author":[{"embeddable":true,"href":"https:\/\/uwg-neu-wulmstorf.de\/index.php?rest_route=\/wp\/v2\/users\/2"}],"replies":[{"embeddable":true,"href":"https:\/\/uwg-neu-wulmstorf.de\/index.php?rest_route=%2Fwp%2Fv2%2Fcomments&post=105"}],"version-history":[{"count":0,"href":"https:\/\/uwg-neu-wulmstorf.de\/index.php?rest_route=\/wp\/v2\/pages\/105\/revisions"}],"up":[{"embeddable":true,"href":"https:\/\/uwg-neu-wulmstorf.de\/index.php?rest_route=\/wp\/v2\/pages\/29"}],"wp:attachment":[{"href":"https:\/\/uwg-neu-wulmstorf.de\/index.php?rest_route=%2Fwp%2Fv2%2Fmedia&parent=105"}],"curies":[{"name":"wp","href":"https:\/\/api.w.org\/{rel}","templated":true}]}}